{"id":364,"date":"2016-01-29T10:12:39","date_gmt":"2016-01-29T10:12:39","guid":{"rendered":"http:\/\/the7.io\/beauty-studio\/?page_id=5"},"modified":"2025-12-04T09:55:49","modified_gmt":"2025-12-04T08:55:49","slug":"about-cissy","status":"publish","type":"page","link":"https:\/\/cissystreet.com\/index.php\/about-cissy\/","title":{"rendered":"About Cissy"},"content":{"rendered":"<div class=\"wpb-content-wrapper\"><p>[vc_row bg_type=&#8221;bg_color&#8221; bg_override=&#8221;full&#8221; bg_color_value=&#8221;#7f7d81&#8243;][vc_column width=&#8221;1\/3&#8243;][vc_empty_space]<style type=\"text\/css\" data-type=\"the7_shortcodes-inline-css\">.shortcode-single-image-wrap.shortcode-single-image-11ff349884b5a88d1c2fa6d4e8b5278e.enable-bg-rollover .rollover i,\n.shortcode-single-image-wrap.shortcode-single-image-11ff349884b5a88d1c2fa6d4e8b5278e.enable-bg-rollover .rollover-video i {\n  background: -webkit-linear-gradient();\n  background: linear-gradient();\n}\n.shortcode-single-image-wrap.shortcode-single-image-11ff349884b5a88d1c2fa6d4e8b5278e .rollover-icon {\n  font-size: 32px;\n  color: #ffffff;\n  min-width: 44px;\n  min-height: 44px;\n  line-height: 44px;\n  border-radius: 100px;\n  border-style: solid;\n  border-width: 0px;\n}\n.dt-icon-bg-on.shortcode-single-image-wrap.shortcode-single-image-11ff349884b5a88d1c2fa6d4e8b5278e .rollover-icon {\n  background: rgba(255,255,255,0.3);\n  box-shadow: none;\n}<\/style><div class=\"shortcode-single-image-wrap shortcode-single-image-11ff349884b5a88d1c2fa6d4e8b5278e alignleft pulse animate-element  vc_custom_1728315998865 enable-bg-rollover dt-icon-bg-off\" ><div class=\"shortcode-single-image\"><div class=\"fancy-media-wrap  layzr-bg\" style=\"\"><img fetchpriority=\"high\" decoding=\"async\" class=\"preload-me lazy-load aspect\" src=\"data:image\/svg+xml,%3Csvg%20xmlns%3D&#39;http%3A%2F%2Fwww.w3.org%2F2000%2Fsvg&#39;%20viewBox%3D&#39;0%200%20400%20618&#39;%2F%3E\" data-src=\"https:\/\/cissystreet.com\/wp-content\/uploads\/2021\/08\/Cissy-Street-8602-400x618.jpg\" data-srcset=\"https:\/\/cissystreet.com\/wp-content\/uploads\/2021\/08\/Cissy-Street-8602-400x618.jpg 400w, https:\/\/cissystreet.com\/wp-content\/uploads\/2021\/08\/Cissy-Street-8602-800x1236.jpg 800w\" loading=\"eager\" sizes=\"(max-width: 400px) 100vw, 400px\" width=\"400\" height=\"618\"  data-dt-location=\"https:\/\/cissystreet.com\/index.php\/about-cissy\/cissy-street-8602\/\" style=\"--ratio: 400 \/ 618;\" alt=\"\" \/><\/div><\/div><\/div>[\/vc_column][vc_column width=&#8221;2\/3&#8243;]<div id=\"ultimate-heading-625969db891345e64\" class=\"uvc-heading ult-adjust-bottom-margin ultimate-heading-625969db891345e64 uvc-39 \" data-hspacer=\"no_spacer\"  data-halign=\"center\" style=\"text-align:center\"><div class=\"uvc-heading-spacer no_spacer\" style=\"top\"><\/div><div class=\"uvc-sub-heading ult-responsive\"  data-ultimate-target='.uvc-heading.ultimate-heading-625969db891345e64 .uvc-sub-heading '  data-responsive-json-new='{\"font-size\":\"desktop:18px;\",\"line-height\":\"\"}'  style=\"font-weight:normal;color:#000000;\"><strong>French<\/strong><\/p>\n<p style=\"text-align: left;\"><b>Cissy Street<\/b> a fait irruption sur la sc\u00e8ne jazz-funk en 2017 avec leur premier album \u00e9ponyme et s&#8217;est impos\u00e9 depuis comme une figure incontournable du genre.<\/p>\n<p style=\"text-align: left;\">Sous la direction du guitariste et compositeur <b>Francis Larue<\/b>, le groupe puise son inspiration dans les rythmes incisifs de <b>Tower of Power<\/b>, l&#8217;\u00e9nergie brute de <b>James Brown<\/b>, les grooves irr\u00e9sistibles des <b>Meters<\/b>, ainsi que les explorations jazz-funk de <b>Herbie Hancock<\/b> et <b>Roy Hargrove<\/b>, sans oublier une touche rock\u2019n roll, qui donne \u00e0 leur musique une intensit\u00e9 singuli\u00e8re.<\/p>\n<p style=\"text-align: left;\">Avec pr\u00e8s de <strong>6<\/strong><b>\u00a0millions d&#8217;\u00e9coutes<\/b> sur Spotify et des fans r\u00e9partis \u00e0 travers le monde, <b>Cissy Street<\/b> \u00e0 s\u00e9duit les amateurs du genre, mais captive \u00e9galement un public vari\u00e9, de tous horizons. Le groupe a d\u00e9j\u00e0 enflamm\u00e9 de nombreux festivals, offrant des performances o\u00f9 le groove, l\u2019improvisation et la virtuosit\u00e9 prennent une place centrale. Leur musique plonge &#8220;au c\u0153ur d\u2019un groove ent\u00eatant m\u00ealant funk explosif, solos jubilatoires et m\u00e9lodies attrape-tympan&#8221; (<i>Dragon Jazz)<\/i><\/p>\n<p><strong>English<\/strong><\/p>\n<p style=\"text-align: left;\"><strong>Cissy Street<\/strong> burst onto the jazz-funk scene in 2017 with their self-titled debut album and have since established themselves as a key figure in the genre. Under the direction of guitarist and composer <strong>Francis Larue<\/strong>, the band draws inspiration from the sharp rhythms of <strong>Tower of Power<\/strong>, the raw energy of <strong>James Brown<\/strong>, the irresistible grooves of <strong>The Meters<\/strong>, as well as the jazz-funk explorations of <strong>Herbie Hancock<\/strong> and <strong>Roy Hargrove<\/strong>, with a hint of rock \u2018n roll that gives their music a unique intensity.<\/p>\n<p style=\"text-align: left;\">With nearly <strong>6\u00a0million streams<\/strong> on Spotify and fans spread across the globe, <strong>Cissy Street<\/strong> has not only won over genre enthusiasts but also captivates a wide and diverse audience. The band has already ignited numerous festivals, delivering performances where groove, improvisation, and virtuosity take center stage. Their music dives &#8220;into the heart of a hypnotic groove, blending explosive funk, jubilant solos, and ear-catching melodies,&#8221; as described by <em>Dragon Jazz<\/em>.<\/p>\n<p><\/div><\/div>[\/vc_column][\/vc_row][vc_row bg_type=&#8221;bg_color&#8221; bg_override=&#8221;full&#8221; bg_color_value=&#8221;#7f7d81&#8243;][vc_column width=&#8221;1\/3&#8243;][vc_single_image image=&#8221;1827&#8243; alignment=&#8221;center&#8221; style=&#8221;vc_box_circle&#8221;]<div id=\"ultimate-heading-737869db891345e98\" class=\"uvc-heading ult-adjust-bottom-margin ultimate-heading-737869db891345e98 uvc-7979  uvc-heading-default-font-sizes\" data-hspacer=\"no_spacer\"  data-halign=\"center\" style=\"text-align:center\"><div class=\"uvc-heading-spacer no_spacer\" style=\"top\"><\/div><div class=\"uvc-main-heading ult-responsive\"  data-ultimate-target='.uvc-heading.ultimate-heading-737869db891345e98 h2'  data-responsive-json-new='{\"font-size\":\"\",\"line-height\":\"\"}' ><h2 style=\"--font-weight:theme;\">Vincent P\u00e9rier<\/h2><\/div><div class=\"uvc-sub-heading ult-responsive\"  data-ultimate-target='.uvc-heading.ultimate-heading-737869db891345e98 .uvc-sub-heading '  data-responsive-json-new='{\"font-size\":\"\",\"line-height\":\"\"}'  style=\"font-weight:normal;\"><span style=\"color: #ffffff;\">Saxophone<\/span><\/div><\/div>[\/vc_column][vc_column width=&#8221;1\/3&#8243;][vc_single_image image=&#8221;1319&#8243; alignment=&#8221;center&#8221; style=&#8221;vc_box_circle&#8221;]<div id=\"ultimate-heading-527469db891345ed7\" class=\"uvc-heading ult-adjust-bottom-margin ultimate-heading-527469db891345ed7 uvc-1415  uvc-heading-default-font-sizes\" data-hspacer=\"no_spacer\"  data-halign=\"center\" style=\"text-align:center\"><div class=\"uvc-heading-spacer no_spacer\" style=\"top\"><\/div><div class=\"uvc-main-heading ult-responsive\"  data-ultimate-target='.uvc-heading.ultimate-heading-527469db891345ed7 h2'  data-responsive-json-new='{\"font-size\":\"\",\"line-height\":\"\"}' ><h2 style=\"--font-weight:theme;\">Francis Larue<\/h2><\/div><div class=\"uvc-sub-heading ult-responsive\"  data-ultimate-target='.uvc-heading.ultimate-heading-527469db891345ed7 .uvc-sub-heading '  data-responsive-json-new='{\"font-size\":\"\",\"line-height\":\"\"}'  style=\"font-weight:normal;\"><span style=\"color: #ffffff;\">Guitare, compositions<\/span><\/div><\/div>[\/vc_column][vc_column width=&#8221;1\/3&#8243;][vc_single_image image=&#8221;2581&#8243; alignment=&#8221;center&#8221; style=&#8221;vc_box_circle&#8221;]<div id=\"ultimate-heading-721569db891345f05\" class=\"uvc-heading ult-adjust-bottom-margin ultimate-heading-721569db891345f05 uvc-6229  uvc-heading-default-font-sizes\" data-hspacer=\"no_spacer\"  data-halign=\"center\" style=\"text-align:center\"><div class=\"uvc-heading-spacer no_spacer\" style=\"top\"><\/div><div class=\"uvc-main-heading ult-responsive\"  data-ultimate-target='.uvc-heading.ultimate-heading-721569db891345f05 h2'  data-responsive-json-new='{\"font-size\":\"\",\"line-height\":\"\"}' ><h2 style=\"--font-weight:theme;\">Simon Girard<\/h2><\/div><div class=\"uvc-sub-heading ult-responsive\"  data-ultimate-target='.uvc-heading.ultimate-heading-721569db891345f05 .uvc-sub-heading '  data-responsive-json-new='{\"font-size\":\"\",\"line-height\":\"\"}'  style=\"font-weight:normal;\"><span style=\"color: #ffffff;\">Trombone<\/span><\/div><\/div>[\/vc_column][\/vc_row][vc_row bg_type=&#8221;bg_color&#8221; bg_override=&#8221;full&#8221; bg_color_value=&#8221;#7f7d81&#8243;][vc_column width=&#8221;1\/2&#8243; css=&#8221;.vc_custom_1506533001918{margin-left: 100px !important;}&#8221;][vc_single_image image=&#8221;1315&#8243; alignment=&#8221;center&#8221; style=&#8221;vc_box_circle&#8221;]<div id=\"ultimate-heading-138069db891345f30\" class=\"uvc-heading ult-adjust-bottom-margin ultimate-heading-138069db891345f30 uvc-2819  uvc-heading-default-font-sizes\" data-hspacer=\"no_spacer\"  data-halign=\"center\" style=\"text-align:center\"><div class=\"uvc-heading-spacer no_spacer\" style=\"top\"><\/div><div class=\"uvc-main-heading ult-responsive\"  data-ultimate-target='.uvc-heading.ultimate-heading-138069db891345f30 h2'  data-responsive-json-new='{\"font-size\":\"\",\"line-height\":\"\"}' ><h2 style=\"--font-weight:theme;\">Etienne Kermarc<\/h2><\/div><div class=\"uvc-sub-heading ult-responsive\"  data-ultimate-target='.uvc-heading.ultimate-heading-138069db891345f30 .uvc-sub-heading '  data-responsive-json-new='{\"font-size\":\"\",\"line-height\":\"\"}'  style=\"font-weight:normal;\"><span style=\"color: #ffffff;\">Basse<\/span><\/div><\/div>[\/vc_column][vc_column width=&#8221;1\/2&#8243; css=&#8221;.vc_custom_1506533762552{margin-left: -100px !important;}&#8221;][vc_single_image image=&#8221;2704&#8243; alignment=&#8221;center&#8221; style=&#8221;vc_box_circle&#8221;]<div id=\"ultimate-heading-605169db891345f58\" class=\"uvc-heading ult-adjust-bottom-margin ultimate-heading-605169db891345f58 uvc-8995  uvc-heading-default-font-sizes\" data-hspacer=\"no_spacer\"  data-halign=\"center\" style=\"text-align:center\"><div class=\"uvc-heading-spacer no_spacer\" style=\"top\"><\/div><div class=\"uvc-main-heading ult-responsive\"  data-ultimate-target='.uvc-heading.ultimate-heading-605169db891345f58 h2'  data-responsive-json-new='{\"font-size\":\"\",\"line-height\":\"\"}' ><h2 style=\"--font-weight:theme;\">Sabri Bela\u00efd<\/h2><\/div><div class=\"uvc-sub-heading ult-responsive\"  data-ultimate-target='.uvc-heading.ultimate-heading-605169db891345f58 .uvc-sub-heading '  data-responsive-json-new='{\"font-size\":\"\",\"line-height\":\"\"}'  style=\"font-weight:normal;\"><span style=\"color: #ffffff;\">Batterie<\/span><\/div><\/div>[\/vc_column][\/vc_row]<\/p>\n<\/div>","protected":false},"excerpt":{"rendered":"<p>[vc_row bg_type=&#8221;bg_color&#8221; bg_override=&#8221;full&#8221; bg_color_value=&#8221;#7f7d81&#8243;][vc_column width=&#8221;1\/3&#8243;][vc_empty_space][\/vc_column][vc_column width=&#8221;2\/3&#8243;][\/vc_column][\/vc_row][vc_row bg_type=&#8221;bg_color&#8221; bg_override=&#8221;full&#8221; bg_color_value=&#8221;#7f7d81&#8243;][vc_column width=&#8221;1\/3&#8243;][vc_single_image image=&#8221;1827&#8243; alignment=&#8221;center&#8221; style=&#8221;vc_box_circle&#8221;][\/vc_column][vc_column width=&#8221;1\/3&#8243;][vc_single_image image=&#8221;1319&#8243; alignment=&#8221;center&#8221; style=&#8221;vc_box_circle&#8221;][\/vc_column][vc_column width=&#8221;1\/3&#8243;][vc_single_image image=&#8221;2581&#8243; alignment=&#8221;center&#8221; style=&#8221;vc_box_circle&#8221;][\/vc_column][\/vc_row][vc_row bg_type=&#8221;bg_color&#8221; bg_override=&#8221;full&#8221; bg_color_value=&#8221;#7f7d81&#8243;][vc_column width=&#8221;1\/2&#8243; css=&#8221;.vc_custom_1506533001918{margin-left: 100px !important;}&#8221;][vc_single_image image=&#8221;1315&#8243; alignment=&#8221;center&#8221; style=&#8221;vc_box_circle&#8221;][\/vc_column][vc_column width=&#8221;1\/2&#8243; css=&#8221;.vc_custom_1506533762552{margin-left: -100px !important;}&#8221;][vc_single_image image=&#8221;2704&#8243; alignment=&#8221;center&#8221; style=&#8221;vc_box_circle&#8221;][\/vc_column][\/vc_row]<\/p>\n","protected":false},"author":1,"featured_media":0,"parent":0,"menu_order":100,"comment_status":"closed","ping_status":"closed","template":"","meta":{"footnotes":""},"class_list":["post-364","page","type-page","status-publish","hentry","description-off"],"yoast_head":"<!-- This site is optimized with the Yoast SEO plugin v27.3 - https:\/\/yoast.com\/product\/yoast-seo-wordpress\/ -->\n<title>About Cissy - Cissy Street<\/title>\n<meta name=\"robots\" content=\"index, follow, max-snippet:-1, max-image-preview:large, max-video-preview:-1\" \/>\n<link rel=\"canonical\" href=\"https:\/\/cissystreet.com\/index.php\/about-cissy\/\" \/>\n<meta property=\"og:locale\" content=\"en_US\" \/>\n<meta property=\"og:type\" content=\"article\" \/>\n<meta property=\"og:title\" content=\"About Cissy - Cissy Street\" \/>\n<meta property=\"og:description\" content=\"[vc_row bg_type=&#8221;bg_color&#8221; bg_override=&#8221;full&#8221; bg_color_value=&#8221;#7f7d81&#8243;][vc_column width=&#8221;1\/3&#8243;][vc_empty_space][\/vc_column][vc_column width=&#8221;2\/3&#8243;][\/vc_column][\/vc_row][vc_row bg_type=&#8221;bg_color&#8221; bg_override=&#8221;full&#8221; bg_color_value=&#8221;#7f7d81&#8243;][vc_column width=&#8221;1\/3&#8243;][vc_single_image image=&#8221;1827&#8243; alignment=&#8221;center&#8221; style=&#8221;vc_box_circle&#8221;][\/vc_column][vc_column width=&#8221;1\/3&#8243;][vc_single_image image=&#8221;1319&#8243; alignment=&#8221;center&#8221; style=&#8221;vc_box_circle&#8221;][\/vc_column][vc_column width=&#8221;1\/3&#8243;][vc_single_image image=&#8221;2581&#8243; alignment=&#8221;center&#8221; style=&#8221;vc_box_circle&#8221;][\/vc_column][\/vc_row][vc_row bg_type=&#8221;bg_color&#8221; bg_override=&#8221;full&#8221; bg_color_value=&#8221;#7f7d81&#8243;][vc_column width=&#8221;1\/2&#8243; css=&#8221;.vc_custom_1506533001918{margin-left: 100px !important;}&#8221;][vc_single_image image=&#8221;1315&#8243; alignment=&#8221;center&#8221; style=&#8221;vc_box_circle&#8221;][\/vc_column][vc_column width=&#8221;1\/2&#8243; css=&#8221;.vc_custom_1506533762552{margin-left: -100px !important;}&#8221;][vc_single_image image=&#8221;2704&#8243; alignment=&#8221;center&#8221; style=&#8221;vc_box_circle&#8221;][\/vc_column][\/vc_row]\" \/>\n<meta property=\"og:url\" content=\"https:\/\/cissystreet.com\/index.php\/about-cissy\/\" \/>\n<meta property=\"og:site_name\" content=\"Cissy Street\" \/>\n<meta property=\"article:publisher\" content=\"https:\/\/www.facebook.com\/cissystreet\" \/>\n<meta property=\"article:modified_time\" content=\"2025-12-04T08:55:49+00:00\" \/>\n<meta property=\"og:image\" content=\"https:\/\/cissystreet.com\/wp-content\/uploads\/2023\/04\/IMG_7611-1024x655.jpg\" \/>\n\t<meta property=\"og:image:width\" content=\"1024\" \/>\n\t<meta property=\"og:image:height\" content=\"655\" \/>\n\t<meta property=\"og:image:type\" content=\"image\/jpeg\" \/>\n<meta name=\"twitter:card\" content=\"summary_large_image\" \/>\n<meta name=\"twitter:label1\" content=\"Est. reading time\" \/>\n\t<meta name=\"twitter:data1\" content=\"2 minutes\" \/>\n<script type=\"application\/ld+json\" class=\"yoast-schema-graph\">{\"@context\":\"https:\\\/\\\/schema.org\",\"@graph\":[{\"@type\":\"WebPage\",\"@id\":\"https:\\\/\\\/cissystreet.com\\\/index.php\\\/about-cissy\\\/\",\"url\":\"https:\\\/\\\/cissystreet.com\\\/index.php\\\/about-cissy\\\/\",\"name\":\"About Cissy - Cissy Street\",\"isPartOf\":{\"@id\":\"https:\\\/\\\/cissystreet.com\\\/#website\"},\"datePublished\":\"2016-01-29T10:12:39+00:00\",\"dateModified\":\"2025-12-04T08:55:49+00:00\",\"breadcrumb\":{\"@id\":\"https:\\\/\\\/cissystreet.com\\\/index.php\\\/about-cissy\\\/#breadcrumb\"},\"inLanguage\":\"en-US\",\"potentialAction\":[{\"@type\":\"ReadAction\",\"target\":[\"https:\\\/\\\/cissystreet.com\\\/index.php\\\/about-cissy\\\/\"]}]},{\"@type\":\"BreadcrumbList\",\"@id\":\"https:\\\/\\\/cissystreet.com\\\/index.php\\\/about-cissy\\\/#breadcrumb\",\"itemListElement\":[{\"@type\":\"ListItem\",\"position\":1,\"name\":\"Home\",\"item\":\"https:\\\/\\\/cissystreet.com\\\/\"},{\"@type\":\"ListItem\",\"position\":2,\"name\":\"About Cissy\"}]},{\"@type\":\"WebSite\",\"@id\":\"https:\\\/\\\/cissystreet.com\\\/#website\",\"url\":\"https:\\\/\\\/cissystreet.com\\\/\",\"name\":\"Cissy Street\",\"description\":\"French Jazz Funk Groove\",\"publisher\":{\"@id\":\"https:\\\/\\\/cissystreet.com\\\/#organization\"},\"potentialAction\":[{\"@type\":\"SearchAction\",\"target\":{\"@type\":\"EntryPoint\",\"urlTemplate\":\"https:\\\/\\\/cissystreet.com\\\/?s={search_term_string}\"},\"query-input\":{\"@type\":\"PropertyValueSpecification\",\"valueRequired\":true,\"valueName\":\"search_term_string\"}}],\"inLanguage\":\"en-US\"},{\"@type\":\"Organization\",\"@id\":\"https:\\\/\\\/cissystreet.com\\\/#organization\",\"name\":\"Cissy Street\",\"url\":\"https:\\\/\\\/cissystreet.com\\\/\",\"logo\":{\"@type\":\"ImageObject\",\"inLanguage\":\"en-US\",\"@id\":\"https:\\\/\\\/cissystreet.com\\\/#\\\/schema\\\/logo\\\/image\\\/\",\"url\":\"https:\\\/\\\/cissystreet.com\\\/wp-content\\\/uploads\\\/2023\\\/04\\\/IMG_7611-1024x655.jpg\",\"contentUrl\":\"https:\\\/\\\/cissystreet.com\\\/wp-content\\\/uploads\\\/2023\\\/04\\\/IMG_7611-1024x655.jpg\",\"width\":1024,\"height\":655,\"caption\":\"Cissy Street\"},\"image\":{\"@id\":\"https:\\\/\\\/cissystreet.com\\\/#\\\/schema\\\/logo\\\/image\\\/\"},\"sameAs\":[\"https:\\\/\\\/www.facebook.com\\\/cissystreet\",\"https:\\\/\\\/www.instagram.com\\\/cissy_street\\\/\",\"https:\\\/\\\/www.youtube.com\\\/@CissyStreet\\\/featured\",\"https:\\\/\\\/cissystreet.bandcamp.com\",\"https:\\\/\\\/open.spotify.com\\\/intl-fr\\\/artist\\\/0EKNATF4qP6xLp6LSv8hW3?si=cSYEigR6RnCIt4keE9NNCg\",\"https:\\\/\\\/linktr.ee\\\/cissystreetfunk\"]}]}<\/script>\n<!-- \/ Yoast SEO plugin. -->","yoast_head_json":{"title":"About Cissy - Cissy Street","robots":{"index":"index","follow":"follow","max-snippet":"max-snippet:-1","max-image-preview":"max-image-preview:large","max-video-preview":"max-video-preview:-1"},"canonical":"https:\/\/cissystreet.com\/index.php\/about-cissy\/","og_locale":"en_US","og_type":"article","og_title":"About Cissy - Cissy Street","og_description":"[vc_row bg_type=&#8221;bg_color&#8221; bg_override=&#8221;full&#8221; bg_color_value=&#8221;#7f7d81&#8243;][vc_column width=&#8221;1\/3&#8243;][vc_empty_space][\/vc_column][vc_column width=&#8221;2\/3&#8243;][\/vc_column][\/vc_row][vc_row bg_type=&#8221;bg_color&#8221; bg_override=&#8221;full&#8221; bg_color_value=&#8221;#7f7d81&#8243;][vc_column width=&#8221;1\/3&#8243;][vc_single_image image=&#8221;1827&#8243; alignment=&#8221;center&#8221; style=&#8221;vc_box_circle&#8221;][\/vc_column][vc_column width=&#8221;1\/3&#8243;][vc_single_image image=&#8221;1319&#8243; alignment=&#8221;center&#8221; style=&#8221;vc_box_circle&#8221;][\/vc_column][vc_column width=&#8221;1\/3&#8243;][vc_single_image image=&#8221;2581&#8243; alignment=&#8221;center&#8221; style=&#8221;vc_box_circle&#8221;][\/vc_column][\/vc_row][vc_row bg_type=&#8221;bg_color&#8221; bg_override=&#8221;full&#8221; bg_color_value=&#8221;#7f7d81&#8243;][vc_column width=&#8221;1\/2&#8243; css=&#8221;.vc_custom_1506533001918{margin-left: 100px !important;}&#8221;][vc_single_image image=&#8221;1315&#8243; alignment=&#8221;center&#8221; style=&#8221;vc_box_circle&#8221;][\/vc_column][vc_column width=&#8221;1\/2&#8243; css=&#8221;.vc_custom_1506533762552{margin-left: -100px !important;}&#8221;][vc_single_image image=&#8221;2704&#8243; alignment=&#8221;center&#8221; style=&#8221;vc_box_circle&#8221;][\/vc_column][\/vc_row]","og_url":"https:\/\/cissystreet.com\/index.php\/about-cissy\/","og_site_name":"Cissy Street","article_publisher":"https:\/\/www.facebook.com\/cissystreet","article_modified_time":"2025-12-04T08:55:49+00:00","og_image":[{"width":1024,"height":655,"url":"https:\/\/cissystreet.com\/wp-content\/uploads\/2023\/04\/IMG_7611-1024x655.jpg","type":"image\/jpeg"}],"twitter_card":"summary_large_image","twitter_misc":{"Est. reading time":"2 minutes"},"schema":{"@context":"https:\/\/schema.org","@graph":[{"@type":"WebPage","@id":"https:\/\/cissystreet.com\/index.php\/about-cissy\/","url":"https:\/\/cissystreet.com\/index.php\/about-cissy\/","name":"About Cissy - Cissy Street","isPartOf":{"@id":"https:\/\/cissystreet.com\/#website"},"datePublished":"2016-01-29T10:12:39+00:00","dateModified":"2025-12-04T08:55:49+00:00","breadcrumb":{"@id":"https:\/\/cissystreet.com\/index.php\/about-cissy\/#breadcrumb"},"inLanguage":"en-US","potentialAction":[{"@type":"ReadAction","target":["https:\/\/cissystreet.com\/index.php\/about-cissy\/"]}]},{"@type":"BreadcrumbList","@id":"https:\/\/cissystreet.com\/index.php\/about-cissy\/#breadcrumb","itemListElement":[{"@type":"ListItem","position":1,"name":"Home","item":"https:\/\/cissystreet.com\/"},{"@type":"ListItem","position":2,"name":"About Cissy"}]},{"@type":"WebSite","@id":"https:\/\/cissystreet.com\/#website","url":"https:\/\/cissystreet.com\/","name":"Cissy Street","description":"French Jazz Funk Groove","publisher":{"@id":"https:\/\/cissystreet.com\/#organization"},"potentialAction":[{"@type":"SearchAction","target":{"@type":"EntryPoint","urlTemplate":"https:\/\/cissystreet.com\/?s={search_term_string}"},"query-input":{"@type":"PropertyValueSpecification","valueRequired":true,"valueName":"search_term_string"}}],"inLanguage":"en-US"},{"@type":"Organization","@id":"https:\/\/cissystreet.com\/#organization","name":"Cissy Street","url":"https:\/\/cissystreet.com\/","logo":{"@type":"ImageObject","inLanguage":"en-US","@id":"https:\/\/cissystreet.com\/#\/schema\/logo\/image\/","url":"https:\/\/cissystreet.com\/wp-content\/uploads\/2023\/04\/IMG_7611-1024x655.jpg","contentUrl":"https:\/\/cissystreet.com\/wp-content\/uploads\/2023\/04\/IMG_7611-1024x655.jpg","width":1024,"height":655,"caption":"Cissy Street"},"image":{"@id":"https:\/\/cissystreet.com\/#\/schema\/logo\/image\/"},"sameAs":["https:\/\/www.facebook.com\/cissystreet","https:\/\/www.instagram.com\/cissy_street\/","https:\/\/www.youtube.com\/@CissyStreet\/featured","https:\/\/cissystreet.bandcamp.com","https:\/\/open.spotify.com\/intl-fr\/artist\/0EKNATF4qP6xLp6LSv8hW3?si=cSYEigR6RnCIt4keE9NNCg","https:\/\/linktr.ee\/cissystreetfunk"]}]}},"_links":{"self":[{"href":"https:\/\/cissystreet.com\/index.php\/wp-json\/wp\/v2\/pages\/364","targetHints":{"allow":["GET"]}}],"collection":[{"href":"https:\/\/cissystreet.com\/index.php\/wp-json\/wp\/v2\/pages"}],"about":[{"href":"https:\/\/cissystreet.com\/index.php\/wp-json\/wp\/v2\/types\/page"}],"author":[{"embeddable":true,"href":"https:\/\/cissystreet.com\/index.php\/wp-json\/wp\/v2\/users\/1"}],"replies":[{"embeddable":true,"href":"https:\/\/cissystreet.com\/index.php\/wp-json\/wp\/v2\/comments?post=364"}],"version-history":[{"count":229,"href":"https:\/\/cissystreet.com\/index.php\/wp-json\/wp\/v2\/pages\/364\/revisions"}],"predecessor-version":[{"id":10754,"href":"https:\/\/cissystreet.com\/index.php\/wp-json\/wp\/v2\/pages\/364\/revisions\/10754"}],"wp:attachment":[{"href":"https:\/\/cissystreet.com\/index.php\/wp-json\/wp\/v2\/media?parent=364"}],"curies":[{"name":"wp","href":"https:\/\/api.w.org\/{rel}","templated":true}]}}