{"id":3102,"date":"2024-02-08T09:31:55","date_gmt":"2024-02-08T08:31:55","guid":{"rendered":"https:\/\/cissystreet.com\/?page_id=3102"},"modified":"2025-05-22T13:21:23","modified_gmt":"2025-05-22T11:21:23","slug":"pedagogie","status":"publish","type":"page","link":"https:\/\/cissystreet.com\/index.php\/pedagogie\/","title":{"rendered":"P\u00e9dagogie"},"content":{"rendered":"<div class=\"wpb-content-wrapper\"><p>[vc_row][vc_column][vc_custom_heading text=&#8221;D\u00e9couvrir ou approfondir le jazz-funk avec Cissy Street&#8221; font_container=&#8221;tag:h2|text_align:center|color:%23d39941&#8243; use_theme_fonts=&#8221;yes&#8221;]<div class=\"aio-icon-component    style_1\"><div id=\"Info-box-wrap-8117\" class=\"aio-icon-box default-icon\" style=\"\"  ><div class=\"aio-icon-description ult-responsive\"  data-ultimate-target='#Info-box-wrap-8117 .aio-icon-description'  data-responsive-json-new='{\"font-size\":\"desktop:18px;\",\"line-height\":\"\"}'  style=\"\">Cissy Street propose un programme p\u00e9dagogique, articul\u00e9 autour des concerts, sous forme d&#8217;ateliers ou de master class de dur\u00e9es variables, qui met l&#8217;accent sur le jazz-funk. D\u00e9clinable aupr\u00e8s de divers publics (particuliers, \u00e9coles de musiques, conservatoires et associations passionn\u00e9es de musique), et de dur\u00e9es variables, ce programme offre une exp\u00e9rience \u00e9ducative unique aux participants de plusieurs niveaux, tout en offrant une opportunit\u00e9 excitante de se produire en premi\u00e8re partie de nos concerts<\/div> <!-- description --><\/div> <!-- aio-icon-box --><\/div> <!-- aio-icon-component -->[\/vc_column][\/vc_row][vc_row][vc_column width=&#8221;1\/2&#8243;]<div class=\"aio-icon-component  vc_custom_1707383286688   style_1\"><div id=\"Info-box-wrap-7931\" class=\"aio-icon-box default-icon\" style=\"\"  ><div class=\"aio-icon-header\" ><h3 class=\"aio-icon-title ult-responsive\"  data-ultimate-target='#Info-box-wrap-7931 .aio-icon-title'  data-responsive-json-new='{\"font-size\":\"desktop:22px;\",\"line-height\":\"\"}'  style=\"color:#d39941;\">Atelier de Jazz-Funk<\/h3><\/div> <!-- header --><div class=\"aio-icon-description ult-responsive\"  data-ultimate-target='#Info-box-wrap-7931 .aio-icon-description'  data-responsive-json-new='{\"font-size\":\"desktop:18px;\",\"line-height\":\"\"}'  style=\"\"><\/p>\n<p style=\"text-align: left;\">Les ateliers (d&#8217;un dur\u00e9e variable, d&#8217;une demi journ\u00e9e, \u00e0 4 jours) sont con\u00e7us pour plonger les participants dans l&#8217;univers vibrant du jazz-funk. Anim\u00e9s par les membres de Cissy Street, ils abordent les concepts fondamentaux tels que le groove, la mise en place rythmique, les polyrythmies et l&#8217;improvisation. Adapt\u00e9s \u00e0 diff\u00e9rents niveaux de comp\u00e9tence, ce dispositif offre une exploration approfondie du langage musical du jazz-funk tout en encourageant la cr\u00e9ativit\u00e9 et la collaboration<\/p>\n<p><\/div> <!-- description --><\/div> <!-- aio-icon-box --><\/div> <!-- aio-icon-component -->[\/vc_column][vc_column width=&#8221;1\/2&#8243;][vc_single_image image=&#8221;3103&#8243; img_size=&#8221;full&#8221;][\/vc_column][\/vc_row][vc_row][vc_column width=&#8221;1\/2&#8243;][vc_single_image image=&#8221;3104&#8243; img_size=&#8221;full&#8221;][\/vc_column][vc_column width=&#8221;1\/2&#8243;]<div class=\"aio-icon-component  vc_custom_1707383294354   style_1\"><div id=\"Info-box-wrap-4903\" class=\"aio-icon-box default-icon\" style=\"\"  ><div class=\"aio-icon-header\" ><h3 class=\"aio-icon-title ult-responsive\"  data-ultimate-target='#Info-box-wrap-4903 .aio-icon-title'  data-responsive-json-new='{\"font-size\":\"desktop:22px;\",\"line-height\":\"\"}'  style=\"color:#d39941;\">R\u00e9pertoire<\/h3><\/div> <!-- header --><div class=\"aio-icon-description ult-responsive\"  data-ultimate-target='#Info-box-wrap-4903 .aio-icon-description'  data-responsive-json-new='{\"font-size\":\"desktop:18px;\",\"line-height\":\"\"}'  style=\"\">Dans ce cadre, les participants ont l&#8217;opportunit\u00e9 de travailler soit sur un titre du r\u00e9pertoire de Cissy Street, soit sur un standard embl\u00e9matique du jazz-funk. Sous la direction d&#8217;un ou plusieurs musiciens du groupe, les participants apprennent ainsi, \u00e0 travers un arrangement, les nuances stylistiques et les techniques d&#8217;interpr\u00e9tation sp\u00e9cifiques au jazz-funk. Cette immersion dans le r\u00e9pertoire de Cissy Street et du jazz-funk en g\u00e9n\u00e9ral, permet aux participants de d\u00e9velopper leurs comp\u00e9tences musicales en se familiarisant avec une partie du r\u00e9pertoire contemporain du genre<\/div> <!-- description --><\/div> <!-- aio-icon-box --><\/div> <!-- aio-icon-component -->[\/vc_column][\/vc_row][vc_row][vc_column]<div class=\"aio-icon-component    style_1\"><div id=\"Info-box-wrap-3161\" class=\"aio-icon-box default-icon\" style=\"\"  ><div class=\"aio-icon-header\" ><h3 class=\"aio-icon-title ult-responsive\"  data-ultimate-target='#Info-box-wrap-3161 .aio-icon-title'  data-responsive-json-new='{\"font-size\":\"desktop:22px;\",\"line-height\":\"\"}'  style=\"color:#d39941;\">Premi\u00e8re partie de concert<\/h3><\/div> <!-- header --><div class=\"aio-icon-description ult-responsive\"  data-ultimate-target='#Info-box-wrap-3161 .aio-icon-description'  data-responsive-json-new='{\"font-size\":\"desktop:18px;\",\"line-height\":\"\"}'  style=\"\">Le point culminant de ce programme est la possibilit\u00e9 pour les participants de se produire en premi\u00e8re partie d&#8217;un concert de Cissy Street. Apr\u00e8s avoir travaill\u00e9 intensivement sur leur r\u00e9pertoire, ces derniers auront l&#8217;occasion de monter sur sc\u00e8ne aux c\u00f4t\u00e9s du groupe pour partager leur passion et leur talent avec le public. Cette exp\u00e9rience offre aux participants une v\u00e9ritable immersion dans le monde professionnel de la musique live, renfor\u00e7ant leur confiance et leur motivation tout en cr\u00e9ant des souvenirs durables<\/div> <!-- description --><\/div> <!-- aio-icon-box --><\/div> <!-- aio-icon-component -->[\/vc_column][\/vc_row][vc_row][vc_column][vc_separator]<div class=\"aio-icon-component    style_1\"><div id=\"Info-box-wrap-7448\" class=\"aio-icon-box default-icon\" style=\"\"  ><div class=\"aio-icon-header\" ><h3 class=\"aio-icon-title ult-responsive\"  data-ultimate-target='#Info-box-wrap-7448 .aio-icon-title'  data-responsive-json-new='{\"font-size\":\"desktop:22px;\",\"line-height\":\"\"}'  style=\"color:#d39941;\">Contact<\/h3><\/div> <!-- header --><div class=\"aio-icon-description ult-responsive\"  data-ultimate-target='#Info-box-wrap-7448 .aio-icon-description'  data-responsive-json-new='{\"font-size\":\"desktop:18px;\",\"line-height\":\"\"}'  style=\"\">Pour plus d&#8217;informations sur ce dispositif, merci de nous contacter via la page &#8220;contact&#8221; du site<\/div> <!-- description --><\/div> <!-- aio-icon-box --><\/div> <!-- aio-icon-component -->[\/vc_column][\/vc_row]<\/p>\n<\/div>","protected":false},"excerpt":{"rendered":"<p>[vc_row][vc_column][vc_custom_heading text=&#8221;D\u00e9couvrir ou approfondir le jazz-funk avec Cissy Street&#8221; font_container=&#8221;tag:h2|text_align:center|color:%23d39941&#8243; use_theme_fonts=&#8221;yes&#8221;][\/vc_column][\/vc_row][vc_row][vc_column width=&#8221;1\/2&#8243;][\/vc_column][vc_column width=&#8221;1\/2&#8243;][vc_single_image image=&#8221;3103&#8243; img_size=&#8221;full&#8221;][\/vc_column][\/vc_row][vc_row][vc_column width=&#8221;1\/2&#8243;][vc_single_image image=&#8221;3104&#8243; img_size=&#8221;full&#8221;][\/vc_column][vc_column width=&#8221;1\/2&#8243;][\/vc_column][\/vc_row][vc_row][vc_column][\/vc_column][\/vc_row][vc_row][vc_column][vc_separator][\/vc_column][\/vc_row]<\/p>\n","protected":false},"author":1,"featured_media":0,"parent":0,"menu_order":0,"comment_status":"closed","ping_status":"closed","template":"","meta":{"footnotes":""},"class_list":["post-3102","page","type-page","status-publish","hentry","description-off"],"yoast_head":"<!-- This site is optimized with the Yoast SEO plugin v27.3 - https:\/\/yoast.com\/product\/yoast-seo-wordpress\/ -->\n<title>P\u00e9dagogie - Cissy Street<\/title>\n<meta name=\"robots\" content=\"index, follow, max-snippet:-1, max-image-preview:large, max-video-preview:-1\" \/>\n<link rel=\"canonical\" href=\"https:\/\/cissystreet.com\/index.php\/pedagogie\/\" \/>\n<meta property=\"og:locale\" content=\"en_US\" \/>\n<meta property=\"og:type\" content=\"article\" \/>\n<meta property=\"og:title\" content=\"P\u00e9dagogie - Cissy Street\" \/>\n<meta property=\"og:description\" content=\"[vc_row][vc_column][vc_custom_heading text=&#8221;D\u00e9couvrir ou approfondir le jazz-funk avec Cissy Street&#8221; font_container=&#8221;tag:h2|text_align:center|color:%23d39941&#8243; use_theme_fonts=&#8221;yes&#8221;][\/vc_column][\/vc_row][vc_row][vc_column width=&#8221;1\/2&#8243;][\/vc_column][vc_column width=&#8221;1\/2&#8243;][vc_single_image image=&#8221;3103&#8243; img_size=&#8221;full&#8221;][\/vc_column][\/vc_row][vc_row][vc_column width=&#8221;1\/2&#8243;][vc_single_image image=&#8221;3104&#8243; img_size=&#8221;full&#8221;][\/vc_column][vc_column width=&#8221;1\/2&#8243;][\/vc_column][\/vc_row][vc_row][vc_column][\/vc_column][\/vc_row][vc_row][vc_column][vc_separator][\/vc_column][\/vc_row]\" \/>\n<meta property=\"og:url\" content=\"https:\/\/cissystreet.com\/index.php\/pedagogie\/\" \/>\n<meta property=\"og:site_name\" content=\"Cissy Street\" \/>\n<meta property=\"article:publisher\" content=\"https:\/\/www.facebook.com\/cissystreet\" \/>\n<meta property=\"article:modified_time\" content=\"2025-05-22T11:21:23+00:00\" \/>\n<meta property=\"og:image\" content=\"https:\/\/cissystreet.com\/wp-content\/uploads\/2023\/04\/IMG_7611-1024x655.jpg\" \/>\n\t<meta property=\"og:image:width\" content=\"1024\" \/>\n\t<meta property=\"og:image:height\" content=\"655\" \/>\n\t<meta property=\"og:image:type\" content=\"image\/jpeg\" \/>\n<meta name=\"twitter:card\" content=\"summary_large_image\" \/>\n<meta name=\"twitter:label1\" content=\"Est. reading time\" \/>\n\t<meta name=\"twitter:data1\" content=\"2 minutes\" \/>\n<script type=\"application\/ld+json\" class=\"yoast-schema-graph\">{\"@context\":\"https:\\\/\\\/schema.org\",\"@graph\":[{\"@type\":\"WebPage\",\"@id\":\"https:\\\/\\\/cissystreet.com\\\/index.php\\\/pedagogie\\\/\",\"url\":\"https:\\\/\\\/cissystreet.com\\\/index.php\\\/pedagogie\\\/\",\"name\":\"P\u00e9dagogie - Cissy Street\",\"isPartOf\":{\"@id\":\"https:\\\/\\\/cissystreet.com\\\/#website\"},\"datePublished\":\"2024-02-08T08:31:55+00:00\",\"dateModified\":\"2025-05-22T11:21:23+00:00\",\"breadcrumb\":{\"@id\":\"https:\\\/\\\/cissystreet.com\\\/index.php\\\/pedagogie\\\/#breadcrumb\"},\"inLanguage\":\"en-US\",\"potentialAction\":[{\"@type\":\"ReadAction\",\"target\":[\"https:\\\/\\\/cissystreet.com\\\/index.php\\\/pedagogie\\\/\"]}]},{\"@type\":\"BreadcrumbList\",\"@id\":\"https:\\\/\\\/cissystreet.com\\\/index.php\\\/pedagogie\\\/#breadcrumb\",\"itemListElement\":[{\"@type\":\"ListItem\",\"position\":1,\"name\":\"Home\",\"item\":\"https:\\\/\\\/cissystreet.com\\\/\"},{\"@type\":\"ListItem\",\"position\":2,\"name\":\"P\u00e9dagogie\"}]},{\"@type\":\"WebSite\",\"@id\":\"https:\\\/\\\/cissystreet.com\\\/#website\",\"url\":\"https:\\\/\\\/cissystreet.com\\\/\",\"name\":\"Cissy Street\",\"description\":\"French Jazz Funk Groove\",\"publisher\":{\"@id\":\"https:\\\/\\\/cissystreet.com\\\/#organization\"},\"potentialAction\":[{\"@type\":\"SearchAction\",\"target\":{\"@type\":\"EntryPoint\",\"urlTemplate\":\"https:\\\/\\\/cissystreet.com\\\/?s={search_term_string}\"},\"query-input\":{\"@type\":\"PropertyValueSpecification\",\"valueRequired\":true,\"valueName\":\"search_term_string\"}}],\"inLanguage\":\"en-US\"},{\"@type\":\"Organization\",\"@id\":\"https:\\\/\\\/cissystreet.com\\\/#organization\",\"name\":\"Cissy Street\",\"url\":\"https:\\\/\\\/cissystreet.com\\\/\",\"logo\":{\"@type\":\"ImageObject\",\"inLanguage\":\"en-US\",\"@id\":\"https:\\\/\\\/cissystreet.com\\\/#\\\/schema\\\/logo\\\/image\\\/\",\"url\":\"https:\\\/\\\/cissystreet.com\\\/wp-content\\\/uploads\\\/2023\\\/04\\\/IMG_7611-1024x655.jpg\",\"contentUrl\":\"https:\\\/\\\/cissystreet.com\\\/wp-content\\\/uploads\\\/2023\\\/04\\\/IMG_7611-1024x655.jpg\",\"width\":1024,\"height\":655,\"caption\":\"Cissy Street\"},\"image\":{\"@id\":\"https:\\\/\\\/cissystreet.com\\\/#\\\/schema\\\/logo\\\/image\\\/\"},\"sameAs\":[\"https:\\\/\\\/www.facebook.com\\\/cissystreet\",\"https:\\\/\\\/www.instagram.com\\\/cissy_street\\\/\",\"https:\\\/\\\/www.youtube.com\\\/@CissyStreet\\\/featured\",\"https:\\\/\\\/cissystreet.bandcamp.com\",\"https:\\\/\\\/open.spotify.com\\\/intl-fr\\\/artist\\\/0EKNATF4qP6xLp6LSv8hW3?si=cSYEigR6RnCIt4keE9NNCg\",\"https:\\\/\\\/linktr.ee\\\/cissystreetfunk\"]}]}<\/script>\n<!-- \/ Yoast SEO plugin. -->","yoast_head_json":{"title":"P\u00e9dagogie - Cissy Street","robots":{"index":"index","follow":"follow","max-snippet":"max-snippet:-1","max-image-preview":"max-image-preview:large","max-video-preview":"max-video-preview:-1"},"canonical":"https:\/\/cissystreet.com\/index.php\/pedagogie\/","og_locale":"en_US","og_type":"article","og_title":"P\u00e9dagogie - Cissy Street","og_description":"[vc_row][vc_column][vc_custom_heading text=&#8221;D\u00e9couvrir ou approfondir le jazz-funk avec Cissy Street&#8221; font_container=&#8221;tag:h2|text_align:center|color:%23d39941&#8243; use_theme_fonts=&#8221;yes&#8221;][\/vc_column][\/vc_row][vc_row][vc_column width=&#8221;1\/2&#8243;][\/vc_column][vc_column width=&#8221;1\/2&#8243;][vc_single_image image=&#8221;3103&#8243; img_size=&#8221;full&#8221;][\/vc_column][\/vc_row][vc_row][vc_column width=&#8221;1\/2&#8243;][vc_single_image image=&#8221;3104&#8243; img_size=&#8221;full&#8221;][\/vc_column][vc_column width=&#8221;1\/2&#8243;][\/vc_column][\/vc_row][vc_row][vc_column][\/vc_column][\/vc_row][vc_row][vc_column][vc_separator][\/vc_column][\/vc_row]","og_url":"https:\/\/cissystreet.com\/index.php\/pedagogie\/","og_site_name":"Cissy Street","article_publisher":"https:\/\/www.facebook.com\/cissystreet","article_modified_time":"2025-05-22T11:21:23+00:00","og_image":[{"width":1024,"height":655,"url":"https:\/\/cissystreet.com\/wp-content\/uploads\/2023\/04\/IMG_7611-1024x655.jpg","type":"image\/jpeg"}],"twitter_card":"summary_large_image","twitter_misc":{"Est. reading time":"2 minutes"},"schema":{"@context":"https:\/\/schema.org","@graph":[{"@type":"WebPage","@id":"https:\/\/cissystreet.com\/index.php\/pedagogie\/","url":"https:\/\/cissystreet.com\/index.php\/pedagogie\/","name":"P\u00e9dagogie - Cissy Street","isPartOf":{"@id":"https:\/\/cissystreet.com\/#website"},"datePublished":"2024-02-08T08:31:55+00:00","dateModified":"2025-05-22T11:21:23+00:00","breadcrumb":{"@id":"https:\/\/cissystreet.com\/index.php\/pedagogie\/#breadcrumb"},"inLanguage":"en-US","potentialAction":[{"@type":"ReadAction","target":["https:\/\/cissystreet.com\/index.php\/pedagogie\/"]}]},{"@type":"BreadcrumbList","@id":"https:\/\/cissystreet.com\/index.php\/pedagogie\/#breadcrumb","itemListElement":[{"@type":"ListItem","position":1,"name":"Home","item":"https:\/\/cissystreet.com\/"},{"@type":"ListItem","position":2,"name":"P\u00e9dagogie"}]},{"@type":"WebSite","@id":"https:\/\/cissystreet.com\/#website","url":"https:\/\/cissystreet.com\/","name":"Cissy Street","description":"French Jazz Funk Groove","publisher":{"@id":"https:\/\/cissystreet.com\/#organization"},"potentialAction":[{"@type":"SearchAction","target":{"@type":"EntryPoint","urlTemplate":"https:\/\/cissystreet.com\/?s={search_term_string}"},"query-input":{"@type":"PropertyValueSpecification","valueRequired":true,"valueName":"search_term_string"}}],"inLanguage":"en-US"},{"@type":"Organization","@id":"https:\/\/cissystreet.com\/#organization","name":"Cissy Street","url":"https:\/\/cissystreet.com\/","logo":{"@type":"ImageObject","inLanguage":"en-US","@id":"https:\/\/cissystreet.com\/#\/schema\/logo\/image\/","url":"https:\/\/cissystreet.com\/wp-content\/uploads\/2023\/04\/IMG_7611-1024x655.jpg","contentUrl":"https:\/\/cissystreet.com\/wp-content\/uploads\/2023\/04\/IMG_7611-1024x655.jpg","width":1024,"height":655,"caption":"Cissy Street"},"image":{"@id":"https:\/\/cissystreet.com\/#\/schema\/logo\/image\/"},"sameAs":["https:\/\/www.facebook.com\/cissystreet","https:\/\/www.instagram.com\/cissy_street\/","https:\/\/www.youtube.com\/@CissyStreet\/featured","https:\/\/cissystreet.bandcamp.com","https:\/\/open.spotify.com\/intl-fr\/artist\/0EKNATF4qP6xLp6LSv8hW3?si=cSYEigR6RnCIt4keE9NNCg","https:\/\/linktr.ee\/cissystreetfunk"]}]}},"_links":{"self":[{"href":"https:\/\/cissystreet.com\/index.php\/wp-json\/wp\/v2\/pages\/3102","targetHints":{"allow":["GET"]}}],"collection":[{"href":"https:\/\/cissystreet.com\/index.php\/wp-json\/wp\/v2\/pages"}],"about":[{"href":"https:\/\/cissystreet.com\/index.php\/wp-json\/wp\/v2\/types\/page"}],"author":[{"embeddable":true,"href":"https:\/\/cissystreet.com\/index.php\/wp-json\/wp\/v2\/users\/1"}],"replies":[{"embeddable":true,"href":"https:\/\/cissystreet.com\/index.php\/wp-json\/wp\/v2\/comments?post=3102"}],"version-history":[{"count":27,"href":"https:\/\/cissystreet.com\/index.php\/wp-json\/wp\/v2\/pages\/3102\/revisions"}],"predecessor-version":[{"id":3133,"href":"https:\/\/cissystreet.com\/index.php\/wp-json\/wp\/v2\/pages\/3102\/revisions\/3133"}],"wp:attachment":[{"href":"https:\/\/cissystreet.com\/index.php\/wp-json\/wp\/v2\/media?parent=3102"}],"curies":[{"name":"wp","href":"https:\/\/api.w.org\/{rel}","templated":true}]}}