{"id":3024,"date":"2024-02-07T16:26:22","date_gmt":"2024-02-07T15:26:22","guid":{"rendered":"https:\/\/cissystreet.com\/?page_id=3024"},"modified":"2025-12-04T09:53:25","modified_gmt":"2025-12-04T08:53:25","slug":"spotify","status":"publish","type":"page","link":"https:\/\/cissystreet.com\/index.php\/spotify\/","title":{"rendered":"Le jazz-funk fran\u00e7ais qui enflamme Spotify"},"content":{"rendered":"<div class=\"wpb-content-wrapper\"><p>[vc_row bg_type=&#8221;bg_color&#8221; bg_color_value=&#8221;#1ed761&#8243;][vc_column width=&#8221;1\/2&#8243; css=&#8221;.vc_custom_1707322220621{margin-top: 20px !important;background-color: #1ed761 !important;}&#8221;][vc_single_image image=&#8221;10748&#8243; img_size=&#8221;full&#8221; css=&#8221;&#8221;][\/vc_column][vc_column width=&#8221;1\/2&#8243; css=&#8221;.vc_custom_1707321541184{background-color: #1ed761 !important;}&#8221;]<div class=\"aio-icon-component    style_1\"><div id=\"Info-box-wrap-6720\" class=\"aio-icon-box default-icon\" style=\"\"  ><div class=\"aio-icon-header\" ><h3 class=\"aio-icon-title ult-responsive\"  data-ultimate-target='#Info-box-wrap-6720 .aio-icon-title'  data-responsive-json-new='{\"font-size\":\"desktop:30px;\",\"line-height\":\"\"}'  style=\"color:#000000;\">Salut \u00e0 tous les fans de Cissy Street !<\/h3><\/div> <!-- header --><div class=\"aio-icon-description ult-responsive\"  data-ultimate-target='#Info-box-wrap-6720 .aio-icon-description'  data-responsive-json-new='{\"font-size\":\"desktop:20px;\",\"line-height\":\"\"}'  style=\"color:#000000;\">Nous sommes ravis de vous annoncer que gr\u00e2ce \u00e0 votre incroyable soutien, nous d\u00e9passons aujourd\u2019hui les 6 millions d&#8217;\u00e9coutes sur Spotify ! C&#8217;est tout simplement incroyable pour un groupe de musique instrumentale et nous sommes tellement reconnaissants pour chaque stream, chaque \u00e9coute, chaque moment partag\u00e9 avec notre musique.<\/div> <!-- description --><\/div> <!-- aio-icon-box --><\/div> <!-- aio-icon-component -->[\/vc_column][\/vc_row][vc_row css=&#8221;.vc_custom_1707322108266{background-color: #1ed761 !important;}&#8221;][vc_column css=&#8221;.vc_custom_1707321676368{background-color: #1ed761 !important;}&#8221;]<div class=\"aio-icon-component    style_1\"><div id=\"Info-box-wrap-6689\" class=\"aio-icon-box default-icon\" style=\"\"  ><div class=\"aio-icon-description ult-responsive\"  data-ultimate-target='#Info-box-wrap-6689 .aio-icon-description'  data-responsive-json-new='{\"font-size\":\"desktop:20px;\",\"line-height\":\"\"}'  style=\"color:#000000;\">L&#8217;un de nos titres, Les Pions se R\u00e9voltent, a d\u00e9pass\u00e9 les deux millions de streams et deux autres titres sont particuli\u00e8rement \u00e9cout\u00e9s, Tric et Jiajia\u2019s Funk avec environ un million de streams chacun.<\/p>\n<p>C\u2019est un honneur immense pour nous de savoir que notre musique fait \u00e9cho aupr\u00e8s de vous tous, aux quatre coins de la plan\u00e8te, et cela nous donne une \u00e9nergie d\u00e9bordante pour continuer \u00e0 cr\u00e9er et \u00e0 partager notre passion avec le monde entier.<\/p>\n<p>&nbsp;<\/p>\n<p>Un \u00e9norme merci \u00e0 vous tous pour votre soutien ind\u00e9fectible. Restez \u00e0 l&#8217;\u00e9coute pour plus de musique, de groove et de funky vibes de la part de Cissy Street !<\/div> <!-- description --><\/div> <!-- aio-icon-box --><\/div> <!-- aio-icon-component -->[\/vc_column][\/vc_row]<\/p>\n<\/div>","protected":false},"excerpt":{"rendered":"<p>[vc_row bg_type=&#8221;bg_color&#8221; bg_color_value=&#8221;#1ed761&#8243;][vc_column width=&#8221;1\/2&#8243; css=&#8221;.vc_custom_1707322220621{margin-top: 20px !important;background-color: #1ed761 !important;}&#8221;][vc_single_image image=&#8221;10748&#8243; img_size=&#8221;full&#8221; css=&#8221;&#8221;][\/vc_column][vc_column width=&#8221;1\/2&#8243; css=&#8221;.vc_custom_1707321541184{background-color: #1ed761 !important;}&#8221;][\/vc_column][\/vc_row][vc_row css=&#8221;.vc_custom_1707322108266{background-color: #1ed761 !important;}&#8221;][vc_column css=&#8221;.vc_custom_1707321676368{background-color: #1ed761 !important;}&#8221;][\/vc_column][\/vc_row]<\/p>\n","protected":false},"author":1,"featured_media":0,"parent":0,"menu_order":0,"comment_status":"closed","ping_status":"closed","template":"","meta":{"footnotes":""},"class_list":["post-3024","page","type-page","status-publish","hentry","description-off"],"yoast_head":"<!-- This site is optimized with the Yoast SEO plugin v27.3 - https:\/\/yoast.com\/product\/yoast-seo-wordpress\/ -->\n<title>Le jazz-funk fran\u00e7ais qui enflamme Spotify - Cissy Street<\/title>\n<meta name=\"robots\" content=\"index, follow, max-snippet:-1, max-image-preview:large, max-video-preview:-1\" \/>\n<link rel=\"canonical\" href=\"https:\/\/cissystreet.com\/index.php\/spotify\/\" \/>\n<meta property=\"og:locale\" content=\"en_US\" \/>\n<meta property=\"og:type\" content=\"article\" \/>\n<meta property=\"og:title\" content=\"Le jazz-funk fran\u00e7ais qui enflamme Spotify - Cissy Street\" \/>\n<meta property=\"og:description\" content=\"[vc_row bg_type=&#8221;bg_color&#8221; bg_color_value=&#8221;#1ed761&#8243;][vc_column width=&#8221;1\/2&#8243; css=&#8221;.vc_custom_1707322220621{margin-top: 20px !important;background-color: #1ed761 !important;}&#8221;][vc_single_image image=&#8221;10748&#8243; img_size=&#8221;full&#8221; css=&#8221;&#8221;][\/vc_column][vc_column width=&#8221;1\/2&#8243; css=&#8221;.vc_custom_1707321541184{background-color: #1ed761 !important;}&#8221;][\/vc_column][\/vc_row][vc_row css=&#8221;.vc_custom_1707322108266{background-color: #1ed761 !important;}&#8221;][vc_column css=&#8221;.vc_custom_1707321676368{background-color: #1ed761 !important;}&#8221;][\/vc_column][\/vc_row]\" \/>\n<meta property=\"og:url\" content=\"https:\/\/cissystreet.com\/index.php\/spotify\/\" \/>\n<meta property=\"og:site_name\" content=\"Cissy Street\" \/>\n<meta property=\"article:publisher\" content=\"https:\/\/www.facebook.com\/cissystreet\" \/>\n<meta property=\"article:modified_time\" content=\"2025-12-04T08:53:25+00:00\" \/>\n<meta property=\"og:image\" content=\"https:\/\/cissystreet.com\/wp-content\/uploads\/2023\/04\/IMG_7611-1024x655.jpg\" \/>\n\t<meta property=\"og:image:width\" content=\"1024\" \/>\n\t<meta property=\"og:image:height\" content=\"655\" \/>\n\t<meta property=\"og:image:type\" content=\"image\/jpeg\" \/>\n<meta name=\"twitter:card\" content=\"summary_large_image\" \/>\n<meta name=\"twitter:label1\" content=\"Est. reading time\" \/>\n\t<meta name=\"twitter:data1\" content=\"2 minutes\" \/>\n<script type=\"application\/ld+json\" class=\"yoast-schema-graph\">{\"@context\":\"https:\\\/\\\/schema.org\",\"@graph\":[{\"@type\":\"WebPage\",\"@id\":\"https:\\\/\\\/cissystreet.com\\\/index.php\\\/spotify\\\/\",\"url\":\"https:\\\/\\\/cissystreet.com\\\/index.php\\\/spotify\\\/\",\"name\":\"Le jazz-funk fran\u00e7ais qui enflamme Spotify - Cissy Street\",\"isPartOf\":{\"@id\":\"https:\\\/\\\/cissystreet.com\\\/#website\"},\"datePublished\":\"2024-02-07T15:26:22+00:00\",\"dateModified\":\"2025-12-04T08:53:25+00:00\",\"breadcrumb\":{\"@id\":\"https:\\\/\\\/cissystreet.com\\\/index.php\\\/spotify\\\/#breadcrumb\"},\"inLanguage\":\"en-US\",\"potentialAction\":[{\"@type\":\"ReadAction\",\"target\":[\"https:\\\/\\\/cissystreet.com\\\/index.php\\\/spotify\\\/\"]}]},{\"@type\":\"BreadcrumbList\",\"@id\":\"https:\\\/\\\/cissystreet.com\\\/index.php\\\/spotify\\\/#breadcrumb\",\"itemListElement\":[{\"@type\":\"ListItem\",\"position\":1,\"name\":\"Home\",\"item\":\"https:\\\/\\\/cissystreet.com\\\/\"},{\"@type\":\"ListItem\",\"position\":2,\"name\":\"Le jazz-funk fran\u00e7ais qui enflamme Spotify\"}]},{\"@type\":\"WebSite\",\"@id\":\"https:\\\/\\\/cissystreet.com\\\/#website\",\"url\":\"https:\\\/\\\/cissystreet.com\\\/\",\"name\":\"Cissy Street\",\"description\":\"French Jazz Funk Groove\",\"publisher\":{\"@id\":\"https:\\\/\\\/cissystreet.com\\\/#organization\"},\"potentialAction\":[{\"@type\":\"SearchAction\",\"target\":{\"@type\":\"EntryPoint\",\"urlTemplate\":\"https:\\\/\\\/cissystreet.com\\\/?s={search_term_string}\"},\"query-input\":{\"@type\":\"PropertyValueSpecification\",\"valueRequired\":true,\"valueName\":\"search_term_string\"}}],\"inLanguage\":\"en-US\"},{\"@type\":\"Organization\",\"@id\":\"https:\\\/\\\/cissystreet.com\\\/#organization\",\"name\":\"Cissy Street\",\"url\":\"https:\\\/\\\/cissystreet.com\\\/\",\"logo\":{\"@type\":\"ImageObject\",\"inLanguage\":\"en-US\",\"@id\":\"https:\\\/\\\/cissystreet.com\\\/#\\\/schema\\\/logo\\\/image\\\/\",\"url\":\"https:\\\/\\\/cissystreet.com\\\/wp-content\\\/uploads\\\/2023\\\/04\\\/IMG_7611-1024x655.jpg\",\"contentUrl\":\"https:\\\/\\\/cissystreet.com\\\/wp-content\\\/uploads\\\/2023\\\/04\\\/IMG_7611-1024x655.jpg\",\"width\":1024,\"height\":655,\"caption\":\"Cissy Street\"},\"image\":{\"@id\":\"https:\\\/\\\/cissystreet.com\\\/#\\\/schema\\\/logo\\\/image\\\/\"},\"sameAs\":[\"https:\\\/\\\/www.facebook.com\\\/cissystreet\",\"https:\\\/\\\/www.instagram.com\\\/cissy_street\\\/\",\"https:\\\/\\\/www.youtube.com\\\/@CissyStreet\\\/featured\",\"https:\\\/\\\/cissystreet.bandcamp.com\",\"https:\\\/\\\/open.spotify.com\\\/intl-fr\\\/artist\\\/0EKNATF4qP6xLp6LSv8hW3?si=cSYEigR6RnCIt4keE9NNCg\",\"https:\\\/\\\/linktr.ee\\\/cissystreetfunk\"]}]}<\/script>\n<!-- \/ Yoast SEO plugin. -->","yoast_head_json":{"title":"Le jazz-funk fran\u00e7ais qui enflamme Spotify - Cissy Street","robots":{"index":"index","follow":"follow","max-snippet":"max-snippet:-1","max-image-preview":"max-image-preview:large","max-video-preview":"max-video-preview:-1"},"canonical":"https:\/\/cissystreet.com\/index.php\/spotify\/","og_locale":"en_US","og_type":"article","og_title":"Le jazz-funk fran\u00e7ais qui enflamme Spotify - Cissy Street","og_description":"[vc_row bg_type=&#8221;bg_color&#8221; bg_color_value=&#8221;#1ed761&#8243;][vc_column width=&#8221;1\/2&#8243; css=&#8221;.vc_custom_1707322220621{margin-top: 20px !important;background-color: #1ed761 !important;}&#8221;][vc_single_image image=&#8221;10748&#8243; img_size=&#8221;full&#8221; css=&#8221;&#8221;][\/vc_column][vc_column width=&#8221;1\/2&#8243; css=&#8221;.vc_custom_1707321541184{background-color: #1ed761 !important;}&#8221;][\/vc_column][\/vc_row][vc_row css=&#8221;.vc_custom_1707322108266{background-color: #1ed761 !important;}&#8221;][vc_column css=&#8221;.vc_custom_1707321676368{background-color: #1ed761 !important;}&#8221;][\/vc_column][\/vc_row]","og_url":"https:\/\/cissystreet.com\/index.php\/spotify\/","og_site_name":"Cissy Street","article_publisher":"https:\/\/www.facebook.com\/cissystreet","article_modified_time":"2025-12-04T08:53:25+00:00","og_image":[{"width":1024,"height":655,"url":"https:\/\/cissystreet.com\/wp-content\/uploads\/2023\/04\/IMG_7611-1024x655.jpg","type":"image\/jpeg"}],"twitter_card":"summary_large_image","twitter_misc":{"Est. reading time":"2 minutes"},"schema":{"@context":"https:\/\/schema.org","@graph":[{"@type":"WebPage","@id":"https:\/\/cissystreet.com\/index.php\/spotify\/","url":"https:\/\/cissystreet.com\/index.php\/spotify\/","name":"Le jazz-funk fran\u00e7ais qui enflamme Spotify - Cissy Street","isPartOf":{"@id":"https:\/\/cissystreet.com\/#website"},"datePublished":"2024-02-07T15:26:22+00:00","dateModified":"2025-12-04T08:53:25+00:00","breadcrumb":{"@id":"https:\/\/cissystreet.com\/index.php\/spotify\/#breadcrumb"},"inLanguage":"en-US","potentialAction":[{"@type":"ReadAction","target":["https:\/\/cissystreet.com\/index.php\/spotify\/"]}]},{"@type":"BreadcrumbList","@id":"https:\/\/cissystreet.com\/index.php\/spotify\/#breadcrumb","itemListElement":[{"@type":"ListItem","position":1,"name":"Home","item":"https:\/\/cissystreet.com\/"},{"@type":"ListItem","position":2,"name":"Le jazz-funk fran\u00e7ais qui enflamme Spotify"}]},{"@type":"WebSite","@id":"https:\/\/cissystreet.com\/#website","url":"https:\/\/cissystreet.com\/","name":"Cissy Street","description":"French Jazz Funk Groove","publisher":{"@id":"https:\/\/cissystreet.com\/#organization"},"potentialAction":[{"@type":"SearchAction","target":{"@type":"EntryPoint","urlTemplate":"https:\/\/cissystreet.com\/?s={search_term_string}"},"query-input":{"@type":"PropertyValueSpecification","valueRequired":true,"valueName":"search_term_string"}}],"inLanguage":"en-US"},{"@type":"Organization","@id":"https:\/\/cissystreet.com\/#organization","name":"Cissy Street","url":"https:\/\/cissystreet.com\/","logo":{"@type":"ImageObject","inLanguage":"en-US","@id":"https:\/\/cissystreet.com\/#\/schema\/logo\/image\/","url":"https:\/\/cissystreet.com\/wp-content\/uploads\/2023\/04\/IMG_7611-1024x655.jpg","contentUrl":"https:\/\/cissystreet.com\/wp-content\/uploads\/2023\/04\/IMG_7611-1024x655.jpg","width":1024,"height":655,"caption":"Cissy Street"},"image":{"@id":"https:\/\/cissystreet.com\/#\/schema\/logo\/image\/"},"sameAs":["https:\/\/www.facebook.com\/cissystreet","https:\/\/www.instagram.com\/cissy_street\/","https:\/\/www.youtube.com\/@CissyStreet\/featured","https:\/\/cissystreet.bandcamp.com","https:\/\/open.spotify.com\/intl-fr\/artist\/0EKNATF4qP6xLp6LSv8hW3?si=cSYEigR6RnCIt4keE9NNCg","https:\/\/linktr.ee\/cissystreetfunk"]}]}},"_links":{"self":[{"href":"https:\/\/cissystreet.com\/index.php\/wp-json\/wp\/v2\/pages\/3024","targetHints":{"allow":["GET"]}}],"collection":[{"href":"https:\/\/cissystreet.com\/index.php\/wp-json\/wp\/v2\/pages"}],"about":[{"href":"https:\/\/cissystreet.com\/index.php\/wp-json\/wp\/v2\/types\/page"}],"author":[{"embeddable":true,"href":"https:\/\/cissystreet.com\/index.php\/wp-json\/wp\/v2\/users\/1"}],"replies":[{"embeddable":true,"href":"https:\/\/cissystreet.com\/index.php\/wp-json\/wp\/v2\/comments?post=3024"}],"version-history":[{"count":30,"href":"https:\/\/cissystreet.com\/index.php\/wp-json\/wp\/v2\/pages\/3024\/revisions"}],"predecessor-version":[{"id":10751,"href":"https:\/\/cissystreet.com\/index.php\/wp-json\/wp\/v2\/pages\/3024\/revisions\/10751"}],"wp:attachment":[{"href":"https:\/\/cissystreet.com\/index.php\/wp-json\/wp\/v2\/media?parent=3024"}],"curies":[{"name":"wp","href":"https:\/\/api.w.org\/{rel}","templated":true}]}}